{"id":5149,"date":"2024-01-31T12:37:19","date_gmt":"2024-01-31T11:37:19","guid":{"rendered":"https:\/\/herencias.uniroma3.it\/home-def\/"},"modified":"2026-04-10T07:36:41","modified_gmt":"2026-04-10T05:36:41","slug":"inicio","status":"publish","type":"page","link":"https:\/\/herencias.uniroma3.it\/es\/","title":{"rendered":"Inicio"},"content":{"rendered":"\t\t<div data-elementor-type=\"wp-page\" data-elementor-id=\"5149\" class=\"elementor elementor-5149 elementor-3132\">\n\t\t\t\t\t\t<section class=\"elementor-section elementor-top-section elementor-element elementor-element-6ee0fb0 elementor-section-stretched elementor-section-height-min-height elementor-section-content-middle home-prima-sezione elementor-section-boxed elementor-section-height-default elementor-section-items-middle elementor-invisible\" data-id=\"6ee0fb0\" data-element_type=\"section\" data-e-type=\"section\" data-settings=\"{&quot;stretch_section&quot;:&quot;section-stretched&quot;,&quot;background_background&quot;:&quot;classic&quot;,&quot;animation&quot;:&quot;fadeIn&quot;}\">\n\t\t\t\t\t\t<div class=\"elementor-container elementor-column-gap-default\">\n\t\t\t\t\t<div class=\"elementor-column elementor-col-50 elementor-top-column elementor-element elementor-element-f3682aa\" data-id=\"f3682aa\" data-element_type=\"column\" data-e-type=\"column\">\n\t\t\t<div class=\"elementor-widget-wrap elementor-element-populated\">\n\t\t\t\t\t\t<div class=\"elementor-element elementor-element-858bda3 elementor-invisible elementor-widget elementor-widget-ube-heading\" data-id=\"858bda3\" data-element_type=\"widget\" data-e-type=\"widget\" data-settings=\"{&quot;_animation&quot;:&quot;fadeInDown&quot;}\" data-widget_type=\"ube-heading.default\">\n\t\t\t\t<div class=\"elementor-widget-container\">\n\t\t\t\t\t<div class=\"ube-heading\">\n\t<h6 class=\"ube-heading-sub-title\" >Herencias<\/h6><h1 class=\"ube-heading-title\">Hacer memoria, repensar las identidades<\/h1><div class=\"ube-heading-description\"><p><span style=\"font-weight: 400\">Reelaborar el pasado a trav\u00e9s de la escritura creativa significa asumir sus herencias, hacer memoria en el presente, contribuir a la construcci\u00f3n social y cultural de los traumas colectivos, repensar las identidades democr\u00e1ticas tambi\u00e9n a partir de la recuperaci\u00f3n de las voces de los perdedores de la Historia.<\/span><\/p><\/div><\/div>\t\t\t\t<\/div>\n\t\t\t\t<\/div>\n\t\t\t\t<div class=\"elementor-element elementor-element-63e3ce6 elementor-invisible elementor-widget elementor-widget-ube-button\" data-id=\"63e3ce6\" data-element_type=\"widget\" data-e-type=\"widget\" data-settings=\"{&quot;_animation&quot;:&quot;fadeInUp&quot;}\" data-widget_type=\"ube-button.default\">\n\t\t\t\t<div class=\"elementor-widget-container\">\n\t\t\t\t\t<a class=\"ube-btn btn btn-md btn-rounded btn-accent\" href=\"https:\/\/herencias.uniroma3.it\/es\/el-proyecto\/\">\n\t    <span class=\"ube-btn-text\">Descubre el proyecto<\/span>\n\t<\/a>\n\n\n\t\t\t\t<\/div>\n\t\t\t\t<\/div>\n\t\t\t\t\t<\/div>\n\t\t<\/div>\n\t\t\t\t<div class=\"elementor-column elementor-col-50 elementor-top-column elementor-element elementor-element-607e640 home-img-cont\" data-id=\"607e640\" data-element_type=\"column\" data-e-type=\"column\">\n\t\t\t<div class=\"elementor-widget-wrap elementor-element-populated\">\n\t\t\t\t\t\t<div class=\"elementor-element elementor-element-fe1fd1f elementor-hidden-mobile home-img e-transform elementor-invisible elementor-widget elementor-widget-image\" data-id=\"fe1fd1f\" data-element_type=\"widget\" data-e-type=\"widget\" data-settings=\"{&quot;_animation&quot;:&quot;fadeInRight&quot;,&quot;_animation_tablet&quot;:&quot;none&quot;,&quot;_transform_translateY_effect_tablet&quot;:{&quot;unit&quot;:&quot;px&quot;,&quot;size&quot;:-340,&quot;sizes&quot;:[]},&quot;_transform_translateX_effect&quot;:{&quot;unit&quot;:&quot;px&quot;,&quot;size&quot;:&quot;&quot;,&quot;sizes&quot;:[]},&quot;_transform_translateX_effect_tablet&quot;:{&quot;unit&quot;:&quot;px&quot;,&quot;size&quot;:&quot;&quot;,&quot;sizes&quot;:[]},&quot;_transform_translateX_effect_mobile&quot;:{&quot;unit&quot;:&quot;px&quot;,&quot;size&quot;:&quot;&quot;,&quot;sizes&quot;:[]},&quot;_transform_translateY_effect&quot;:{&quot;unit&quot;:&quot;px&quot;,&quot;size&quot;:&quot;&quot;,&quot;sizes&quot;:[]},&quot;_transform_translateY_effect_mobile&quot;:{&quot;unit&quot;:&quot;px&quot;,&quot;size&quot;:&quot;&quot;,&quot;sizes&quot;:[]}}\" data-widget_type=\"image.default\">\n\t\t\t\t<div class=\"elementor-widget-container\">\n\t\t\t\t\t\t\t\t\t\t\t\t\t\t\t<img fetchpriority=\"high\" decoding=\"async\" width=\"650\" height=\"650\" src=\"https:\/\/herencias.uniroma3.it\/wp-content\/uploads\/2024\/03\/logo-herencias-header.png\" class=\"attachment-full size-full wp-image-5177\" alt=\"\" srcset=\"https:\/\/herencias.uniroma3.it\/wp-content\/uploads\/2024\/03\/logo-herencias-header.png 650w, https:\/\/herencias.uniroma3.it\/wp-content\/uploads\/2024\/03\/logo-herencias-header-300x300.png 300w, https:\/\/herencias.uniroma3.it\/wp-content\/uploads\/2024\/03\/logo-herencias-header-150x150.png 150w, https:\/\/herencias.uniroma3.it\/wp-content\/uploads\/2024\/03\/logo-herencias-header-600x600.png 600w, https:\/\/herencias.uniroma3.it\/wp-content\/uploads\/2024\/03\/logo-herencias-header-100x100.png 100w\" sizes=\"(max-width: 650px) 100vw, 650px\" \/>\t\t\t\t\t\t\t\t\t\t\t\t\t\t\t<\/div>\n\t\t\t\t<\/div>\n\t\t\t\t\t<\/div>\n\t\t<\/div>\n\t\t\t\t\t<\/div>\n\t\t<\/section>\n\t\t\t\t<section class=\"elementor-section elementor-top-section elementor-element elementor-element-6d95a9b elementor-section-boxed elementor-section-height-default elementor-section-height-default\" data-id=\"6d95a9b\" data-element_type=\"section\" data-e-type=\"section\" data-settings=\"{&quot;background_background&quot;:&quot;classic&quot;}\">\n\t\t\t\t\t\t<div class=\"elementor-container elementor-column-gap-no\">\n\t\t\t\t\t<div class=\"elementor-column elementor-col-100 elementor-top-column elementor-element elementor-element-fd22d70\" data-id=\"fd22d70\" data-element_type=\"column\" data-e-type=\"column\">\n\t\t\t<div class=\"elementor-widget-wrap elementor-element-populated\">\n\t\t\t\t\t\t<section class=\"elementor-section elementor-inner-section elementor-element elementor-element-dc84309 elementor-section-content-middle elementor-section-boxed elementor-section-height-default elementor-section-height-default\" data-id=\"dc84309\" data-element_type=\"section\" data-e-type=\"section\" data-settings=\"{&quot;background_background&quot;:&quot;classic&quot;}\">\n\t\t\t\t\t\t<div class=\"elementor-container elementor-column-gap-default\">\n\t\t\t\t\t<div class=\"elementor-column elementor-col-66 elementor-inner-column elementor-element elementor-element-2cee861\" data-id=\"2cee861\" data-element_type=\"column\" data-e-type=\"column\">\n\t\t\t<div class=\"elementor-widget-wrap elementor-element-populated\">\n\t\t\t\t\t\t<div class=\"elementor-element elementor-element-cca9067 elementor-align-left elementor-widget elementor-widget-ube-heading\" data-id=\"cca9067\" data-element_type=\"widget\" data-e-type=\"widget\" data-widget_type=\"ube-heading.default\">\n\t\t\t\t<div class=\"elementor-widget-container\">\n\t\t\t\t\t<div class=\"ube-heading\">\n\t<h2 class=\"ube-heading-title\">Base de datos DraM\u00c6<\/h2><\/div>\t\t\t\t<\/div>\n\t\t\t\t<\/div>\n\t\t\t\t<div class=\"elementor-element elementor-element-159b35e elementor-widget elementor-widget-text-editor\" data-id=\"159b35e\" data-element_type=\"widget\" data-e-type=\"widget\" data-widget_type=\"text-editor.default\">\n\t\t\t\t<div class=\"elementor-widget-container\">\n\t\t\t\t\t\t\t\t\t<p><span style=\"font-weight: 400;\">Una base de datos para el estudio de la dramaturgia de la memoria actual en Espa\u00f1a<\/span><\/p>\t\t\t\t\t\t\t\t<\/div>\n\t\t\t\t<\/div>\n\t\t\t\t<div class=\"elementor-element elementor-element-a7a3b4f elementor-align-left elementor-widget elementor-widget-ube-button\" data-id=\"a7a3b4f\" data-element_type=\"widget\" data-e-type=\"widget\" data-widget_type=\"ube-button.default\">\n\t\t\t\t<div class=\"elementor-widget-container\">\n\t\t\t\t\t<a class=\"ube-btn btn btn-md btn-square btn-accent\" href=\"#\">\n\t    <span class=\"ube-btn-text\">Consulta la base de datos<\/span>\n\t<\/a>\n\n\n\t\t\t\t<\/div>\n\t\t\t\t<\/div>\n\t\t\t\t\t<\/div>\n\t\t<\/div>\n\t\t\t\t<div class=\"elementor-column elementor-col-33 elementor-inner-column elementor-element elementor-element-60f0f77 elementor-hidden-mobile\" data-id=\"60f0f77\" data-element_type=\"column\" data-e-type=\"column\">\n\t\t\t<div class=\"elementor-widget-wrap elementor-element-populated\">\n\t\t\t\t\t\t<div class=\"elementor-element elementor-element-55f5064 elementor-widget elementor-widget-image\" data-id=\"55f5064\" data-element_type=\"widget\" data-e-type=\"widget\" data-widget_type=\"image.default\">\n\t\t\t\t<div class=\"elementor-widget-container\">\n\t\t\t\t\t\t\t\t\t\t\t\t\t\t\t<img decoding=\"async\" width=\"228\" height=\"228\" src=\"https:\/\/herencias.uniroma3.it\/wp-content\/uploads\/2024\/03\/DraMAE_logo2.png\" class=\"attachment-full size-full wp-image-5179\" alt=\"\" srcset=\"https:\/\/herencias.uniroma3.it\/wp-content\/uploads\/2024\/03\/DraMAE_logo2.png 228w, https:\/\/herencias.uniroma3.it\/wp-content\/uploads\/2024\/03\/DraMAE_logo2-150x150.png 150w, https:\/\/herencias.uniroma3.it\/wp-content\/uploads\/2024\/03\/DraMAE_logo2-100x100.png 100w\" sizes=\"(max-width: 228px) 100vw, 228px\" \/>\t\t\t\t\t\t\t\t\t\t\t\t\t\t\t<\/div>\n\t\t\t\t<\/div>\n\t\t\t\t\t<\/div>\n\t\t<\/div>\n\t\t\t\t\t<\/div>\n\t\t<\/section>\n\t\t\t\t\t<\/div>\n\t\t<\/div>\n\t\t\t\t\t<\/div>\n\t\t<\/section>\n\t\t\t\t<section class=\"elementor-section elementor-top-section elementor-element elementor-element-89bb8cc elementor-section-content-middle blocco-prossimo-evento elementor-section-boxed elementor-section-height-default elementor-section-height-default\" data-id=\"89bb8cc\" data-element_type=\"section\" data-e-type=\"section\" data-settings=\"{&quot;background_background&quot;:&quot;classic&quot;}\">\n\t\t\t\t\t\t<div class=\"elementor-container elementor-column-gap-default\">\n\t\t\t\t\t<div class=\"elementor-column elementor-col-100 elementor-top-column elementor-element elementor-element-a747d28\" data-id=\"a747d28\" data-element_type=\"column\" data-e-type=\"column\">\n\t\t\t<div class=\"elementor-widget-wrap elementor-element-populated\">\n\t\t\t\t\t\t<div class=\"elementor-element elementor-element-0375c85 elementor-align-center elementor-widget elementor-widget-ube-heading\" data-id=\"0375c85\" data-element_type=\"widget\" data-e-type=\"widget\" data-widget_type=\"ube-heading.default\">\n\t\t\t\t<div class=\"elementor-widget-container\">\n\t\t\t\t\t<div class=\"ube-heading\">\n\t<h6 class=\"ube-heading-sub-title\" >Pr\u00f3ximo evento<\/h6><h2 class=\"ube-heading-title\">\u00a1La nueva temporada de Herencias te espera del 4 al 8 de mayo de 2026!<\/h2><\/div>\t\t\t\t<\/div>\n\t\t\t\t<\/div>\n\t\t\t\t\t<\/div>\n\t\t<\/div>\n\t\t\t\t\t<\/div>\n\t\t<\/section>\n\t\t\t\t<section class=\"elementor-section elementor-top-section elementor-element elementor-element-df5290a elementor-section-full_width elementor-section-height-default elementor-section-height-default\" data-id=\"df5290a\" data-element_type=\"section\" data-e-type=\"section\" data-settings=\"{&quot;background_background&quot;:&quot;classic&quot;}\">\n\t\t\t\t\t\t<div class=\"elementor-container elementor-column-gap-default\">\n\t\t\t\t\t<div class=\"elementor-column elementor-col-100 elementor-top-column elementor-element elementor-element-494d92c btn-eventi-home\" data-id=\"494d92c\" data-element_type=\"column\" data-e-type=\"column\">\n\t\t\t<div class=\"elementor-widget-wrap elementor-element-populated\">\n\t\t\t\t\t\t<div class=\"elementor-element elementor-element-ab8cda2 img-hover elementor-widget__width-initial elementor-widget elementor-widget-image\" data-id=\"ab8cda2\" data-element_type=\"widget\" data-e-type=\"widget\" data-widget_type=\"image.default\">\n\t\t\t\t<div class=\"elementor-widget-container\">\n\t\t\t\t\t\t\t\t\t\t\t\t\t\t\t\t<a href=\"https:\/\/teatropalladium.uniroma3.it\/herencias\/herencias-2025\/\">\n\t\t\t\t\t\t\t<img decoding=\"async\" width=\"1344\" height=\"768\" src=\"https:\/\/herencias.uniroma3.it\/wp-content\/uploads\/2024\/06\/594b89c5-d52b-45c3-9c02-1cf766eb04b8.jpg\" class=\"attachment-1536x1536 size-1536x1536 wp-image-5575\" alt=\"\" srcset=\"https:\/\/herencias.uniroma3.it\/wp-content\/uploads\/2024\/06\/594b89c5-d52b-45c3-9c02-1cf766eb04b8.jpg 1344w, https:\/\/herencias.uniroma3.it\/wp-content\/uploads\/2024\/06\/594b89c5-d52b-45c3-9c02-1cf766eb04b8-300x171.jpg 300w, https:\/\/herencias.uniroma3.it\/wp-content\/uploads\/2024\/06\/594b89c5-d52b-45c3-9c02-1cf766eb04b8-1024x585.jpg 1024w, https:\/\/herencias.uniroma3.it\/wp-content\/uploads\/2024\/06\/594b89c5-d52b-45c3-9c02-1cf766eb04b8-768x439.jpg 768w, https:\/\/herencias.uniroma3.it\/wp-content\/uploads\/2024\/06\/594b89c5-d52b-45c3-9c02-1cf766eb04b8-600x343.jpg 600w\" sizes=\"(max-width: 1344px) 100vw, 1344px\" \/>\t\t\t\t\t\t\t\t<\/a>\n\t\t\t\t\t\t\t\t\t\t\t\t\t\t\t<\/div>\n\t\t\t\t<\/div>\n\t\t\t\t<div class=\"elementor-element elementor-element-f59d5c1 elementor-widget elementor-widget-ucaddon_blox_btn_group\" data-id=\"f59d5c1\" data-element_type=\"widget\" data-e-type=\"widget\" data-widget_type=\"ucaddon_blox_btn_group.default\">\n\t\t\t\t<div class=\"elementor-widget-container\">\n\t\t\t\t\t\n<!-- start Button Group -->\n\t\t<link id='font-awesome-css' href='https:\/\/herencias.uniroma3.it\/wp-content\/plugins\/unlimited-elements-for-elementor\/assets_libraries\/font-awesome6\/fontawesome-all.min.css' type='text\/css' rel='stylesheet' >\n\t\t<link id='font-awesome-4-shim-css' href='https:\/\/herencias.uniroma3.it\/wp-content\/plugins\/unlimited-elements-for-elementor\/assets_libraries\/font-awesome6\/fontawesome-v4-shims.min.css' type='text\/css' rel='stylesheet' >\n\n<style>\/* widget: Button Group *\/\n\n#uc_blox_btn_group_elementor_f59d5c1\n{\n  display:flex;\n  flex-wrap: wrap;\n}\n\n#uc_blox_btn_group_elementor_f59d5c1 a\n{\n  display:block;\n  text-decoration:none;\n  transition:0.3s;\n\n}\n\n#uc_blox_btn_group_elementor_f59d5c1 .blox_btn_group_inner\n{\n  display:inline-flex;\n  align-items:center;\n}\n\n#uc_blox_btn_group_elementor_f59d5c1 .blox_btn_group_inner .ue-btn-icon\n{\n  line-height:1em;\n}\n\n#uc_blox_btn_group_elementor_f59d5c1 .blox_btn_group_inner .ue-btn-icon svg\n{\n  height:1em;\n  width:1em;\n}\n\n<\/style>\n\n<div id=\"uc_blox_btn_group_elementor_f59d5c1\" class=\"blox_btn_group uc-items-wrapper \" >\n  <a class=\"elementor-repeater-item-6833522 \" href=\"https:\/\/herencias.uniroma3.it\/es\/actividades\/\" id=\"uc_blox_btn_group_elementor_f59d5c1_item1\" >\n  <div class=\"blox_btn_group_inner\">\n        <div class=\"ue-btn-txt\">Todos los eventos<\/div>\n  <\/div>\n<\/a>\n\n  \n\n\n<\/div>\n<!-- end Button Group -->\t\t\t\t<\/div>\n\t\t\t\t<\/div>\n\t\t\t\t\t<\/div>\n\t\t<\/div>\n\t\t\t\t\t<\/div>\n\t\t<\/section>\n\t\t\t\t<section class=\"elementor-section elementor-top-section elementor-element elementor-element-61d407842fafa home-blocco-pubblicazioni elementor-section-boxed elementor-section-height-default elementor-section-height-default\" data-id=\"61d407842fafa\" data-element_type=\"section\" data-e-type=\"section\" data-settings=\"{&quot;background_background&quot;:&quot;classic&quot;}\">\n\t\t\t\t\t\t<div class=\"elementor-container elementor-column-gap-default\">\n\t\t\t\t\t<div class=\"elementor-column elementor-col-100 elementor-top-column elementor-element elementor-element-e910963\" data-id=\"e910963\" data-element_type=\"column\" data-e-type=\"column\">\n\t\t\t<div class=\"elementor-widget-wrap elementor-element-populated\">\n\t\t\t\t\t\t<div class=\"elementor-element elementor-element-e8fec62 elementor-align-center elementor-widget elementor-widget-ube-heading\" data-id=\"e8fec62\" data-element_type=\"widget\" data-e-type=\"widget\" data-widget_type=\"ube-heading.default\">\n\t\t\t\t<div class=\"elementor-widget-container\">\n\t\t\t\t\t<div class=\"ube-heading\">\n\t<h6 class=\"ube-heading-sub-title\" >Publicaciones<\/h6><\/div>\t\t\t\t<\/div>\n\t\t\t\t<\/div>\n\t\t\t\t<div class=\"elementor-element elementor-element-41a50a6 testo-pubblicazioni elementor-widget elementor-widget-text-editor\" data-id=\"41a50a6\" data-element_type=\"widget\" data-e-type=\"widget\" data-widget_type=\"text-editor.default\">\n\t\t\t\t<div class=\"elementor-widget-container\">\n\t\t\t\t\t\t\t\t\t<h2 class=\"mg-bottom-10 fs-48 sm-fs-34\" style=\"margin-top: 00px;\"><span style=\"color: #fff;\">Rastreando las huellas identitarias del mundo hisp\u00e1nico a trav\u00e9s de las escrituras de la memoria<\/span><\/h2>\nUna colecci\u00f3n de textos en edici\u00f3n biling\u00fce publicados por Nova Delphi, con aparato cr\u00edtico-interpretativo y documental.\t\t\t\t\t\t\t\t<\/div>\n\t\t\t\t<\/div>\n\t\t\t\t<div class=\"elementor-element elementor-element-d303e01 elementor-align-center elementor-widget elementor-widget-ube-button\" data-id=\"d303e01\" data-element_type=\"widget\" data-e-type=\"widget\" data-widget_type=\"ube-button.default\">\n\t\t\t\t<div class=\"elementor-widget-container\">\n\t\t\t\t\t<a class=\"ube-btn btn btn-md btn-square btn-accent\" href=\"https:\/\/herencias.uniroma3.it\/es\/publicaciones\/\">\n\t    <span class=\"ube-btn-text\">Descrubre la colecci\u00f3n Herencias<\/span>\n\t<\/a>\n\n\n\t\t\t\t<\/div>\n\t\t\t\t<\/div>\n\t\t\t\t\t<\/div>\n\t\t<\/div>\n\t\t\t\t\t<\/div>\n\t\t<\/section>\n\t\t\t\t<\/div>\n\t\t","protected":false},"excerpt":{"rendered":"<p>Herencias Hacer memoria, repensar las identidades Reelaborar el pasado a trav\u00e9s de la escritura creativa significa asumir sus herencias, hacer memoria en el presente, contribuir a la construcci\u00f3n social y [&hellip;]<\/p>\n","protected":false},"author":3,"featured_media":0,"parent":0,"menu_order":0,"comment_status":"closed","ping_status":"closed","template":"elementor_header_footer","meta":{"footnotes":""},"class_list":["post-5149","page","type-page","status-publish","hentry"],"_links":{"self":[{"href":"https:\/\/herencias.uniroma3.it\/es\/wp-json\/wp\/v2\/pages\/5149","targetHints":{"allow":["GET"]}}],"collection":[{"href":"https:\/\/herencias.uniroma3.it\/es\/wp-json\/wp\/v2\/pages"}],"about":[{"href":"https:\/\/herencias.uniroma3.it\/es\/wp-json\/wp\/v2\/types\/page"}],"author":[{"embeddable":true,"href":"https:\/\/herencias.uniroma3.it\/es\/wp-json\/wp\/v2\/users\/3"}],"replies":[{"embeddable":true,"href":"https:\/\/herencias.uniroma3.it\/es\/wp-json\/wp\/v2\/comments?post=5149"}],"version-history":[{"count":88,"href":"https:\/\/herencias.uniroma3.it\/es\/wp-json\/wp\/v2\/pages\/5149\/revisions"}],"predecessor-version":[{"id":6084,"href":"https:\/\/herencias.uniroma3.it\/es\/wp-json\/wp\/v2\/pages\/5149\/revisions\/6084"}],"wp:attachment":[{"href":"https:\/\/herencias.uniroma3.it\/es\/wp-json\/wp\/v2\/media?parent=5149"}],"curies":[{"name":"wp","href":"https:\/\/api.w.org\/{rel}","templated":true}]}}